{"id":1912,"date":"2026-01-02T15:22:35","date_gmt":"2026-01-02T14:22:35","guid":{"rendered":"https:\/\/tretter.ch\/newsletter\/"},"modified":"2026-01-02T15:22:35","modified_gmt":"2026-01-02T14:22:35","slug":"newsletter","status":"publish","type":"page","link":"https:\/\/tretter.ch\/fr\/newsletter\/","title":{"rendered":"Newsletter"},"content":{"rendered":"<h1>Newsletter<\/h1>\n<p>Vous pouvez vous inscrire gratuitement \u00e0 notre newsletter ci-dessous. Vous avez bien s\u00fbr la possibilit\u00e9 de vous d\u00e9sinscrire \u00e0 tout moment. <\/p>\n<div class=\"brlbs-cmpnt-container brlbs-cmpnt-content-blocker brlbs-cmpnt-with-individual-styles\" data-borlabs-cookie-content-blocker-id=\"default\" data-borlabs-cookie-content=\"PGlmcmFtZSBzcmM9Imh0dHBzOi8vdGU5YWRiZjA0LmVtYWlsc3lzMmEubmV0LzI1My8xNTU2LzQ4NzM5MTljNTIvc3Vic2NyaWJlL2Zvcm0uaHRtbD9fZz0xNzY3MzYzOTY1IiBmcmFtZWJvcmRlcj0iMCIgd2lkdGg9IjEwMCUiIGhlaWdodD0iNTUwIj48L2lmcmFtZT4=\">\n<div class=\"brlbs-cmpnt-cb-preset-a\">\n<p class=\"brlbs-cmpnt-cb-description\">Vous \u00eates actuellement en train de consulter le contenu d&rsquo;un espace r\u00e9serv\u00e9 de <strong>Par d\u00e9faut<\/strong>. Pour acc\u00e9der au contenu r\u00e9el, cliquez sur le bouton ci-dessous. Veuillez noter que ce faisant, des donn\u00e9es seront partag\u00e9es avec des providers tiers.<\/p>\n<div class=\"brlbs-cmpnt-cb-buttons\"> <a class=\"brlbs-cmpnt-cb-btn\" href=\"#\" data-borlabs-cookie-unblock role=\"button\">D\u00e9bloquer le contenu<\/a> <a class=\"brlbs-cmpnt-cb-btn\" href=\"#\" data-borlabs-cookie-accept-service role=\"button\" style=\"display: none\">Accepter le service requis et d\u00e9bloquer les contenus<\/a> <\/div>\n<p> <a class=\"brlbs-cmpnt-cb-provider-toggle\" href=\"#\" data-borlabs-cookie-show-provider-information role=\"button\">Plus d&rsquo;informations<\/a> <\/div>\n<\/div>\n","protected":false},"excerpt":{"rendered":"<p>Newsletter Vous pouvez vous inscrire gratuitement \u00e0 notre newsletter ci-dessous. Vous avez bien s\u00fbr la possibilit\u00e9 de vous d\u00e9sinscrire \u00e0 tout moment. Vous \u00eates actuellement &#8230;<\/p>\n","protected":false},"author":2,"featured_media":0,"parent":0,"menu_order":0,"comment_status":"closed","ping_status":"closed","template":"","meta":{"_acf_changed":false,"inline_featured_image":false,"footnotes":""},"class_list":["post-1912","page","type-page","status-publish","hentry"],"acf":[],"yoast_head":"<!-- This site is optimized with the Yoast SEO plugin v26.6 - https:\/\/yoast.com\/wordpress\/plugins\/seo\/ -->\n<title>Newsletter - Dr. TRETTER AG<\/title>\n<meta name=\"robots\" content=\"index, follow, max-snippet:-1, max-image-preview:large, max-video-preview:-1\" \/>\n<link rel=\"canonical\" href=\"https:\/\/tretter.ch\/newsletter\/\" \/>\n<meta property=\"og:locale\" content=\"fr_FR\" \/>\n<meta property=\"og:type\" content=\"article\" \/>\n<meta property=\"og:title\" content=\"Newsletter - Dr. TRETTER AG\" \/>\n<meta property=\"og:description\" content=\"Newsletter Vous pouvez vous inscrire gratuitement \u00e0 notre newsletter ci-dessous. Vous avez bien s\u00fbr la possibilit\u00e9 de vous d\u00e9sinscrire \u00e0 tout moment. Vous \u00eates actuellement ...\" \/>\n<meta property=\"og:url\" content=\"https:\/\/tretter.ch\/newsletter\/\" \/>\n<meta property=\"og:site_name\" content=\"Dr. TRETTER AG\" \/>\n<meta name=\"twitter:card\" content=\"summary_large_image\" \/>\n<script type=\"application\/ld+json\" class=\"yoast-schema-graph\">{\"@context\":\"https:\/\/schema.org\",\"@graph\":[{\"@type\":\"WebPage\",\"@id\":\"https:\/\/tretter.ch\/newsletter\/\",\"url\":\"https:\/\/tretter.ch\/newsletter\/\",\"name\":\"Newsletter - Dr. TRETTER AG\",\"isPartOf\":{\"@id\":\"https:\/\/tretter.ch\/#website\"},\"datePublished\":\"2026-01-02T14:22:35+00:00\",\"breadcrumb\":{\"@id\":\"https:\/\/tretter.ch\/newsletter\/#breadcrumb\"},\"inLanguage\":\"fr-FR\",\"potentialAction\":[{\"@type\":\"ReadAction\",\"target\":[\"https:\/\/tretter.ch\/newsletter\/\"]}]},{\"@type\":\"BreadcrumbList\",\"@id\":\"https:\/\/tretter.ch\/newsletter\/#breadcrumb\",\"itemListElement\":[{\"@type\":\"ListItem\",\"position\":1,\"name\":\"Home\",\"item\":\"https:\/\/tretter.ch\/fr\/\"},{\"@type\":\"ListItem\",\"position\":2,\"name\":\"Newsletter\"}]},{\"@type\":\"WebSite\",\"@id\":\"https:\/\/tretter.ch\/#website\",\"url\":\"https:\/\/tretter.ch\/\",\"name\":\"Dr. TRETTER AG\",\"description\":\"Ihr Hersteller &amp; Lieferant f\u00fcr Toleranzh\u00fclsen\",\"potentialAction\":[{\"@type\":\"SearchAction\",\"target\":{\"@type\":\"EntryPoint\",\"urlTemplate\":\"https:\/\/tretter.ch\/?s={search_term_string}\"},\"query-input\":{\"@type\":\"PropertyValueSpecification\",\"valueRequired\":true,\"valueName\":\"search_term_string\"}}],\"inLanguage\":\"fr-FR\"}]}<\/script>\n<!-- \/ Yoast SEO plugin. -->","yoast_head_json":{"title":"Newsletter - Dr. TRETTER AG","robots":{"index":"index","follow":"follow","max-snippet":"max-snippet:-1","max-image-preview":"max-image-preview:large","max-video-preview":"max-video-preview:-1"},"canonical":"https:\/\/tretter.ch\/newsletter\/","og_locale":"fr_FR","og_type":"article","og_title":"Newsletter - Dr. TRETTER AG","og_description":"Newsletter Vous pouvez vous inscrire gratuitement \u00e0 notre newsletter ci-dessous. Vous avez bien s\u00fbr la possibilit\u00e9 de vous d\u00e9sinscrire \u00e0 tout moment. Vous \u00eates actuellement ...","og_url":"https:\/\/tretter.ch\/newsletter\/","og_site_name":"Dr. TRETTER AG","twitter_card":"summary_large_image","schema":{"@context":"https:\/\/schema.org","@graph":[{"@type":"WebPage","@id":"https:\/\/tretter.ch\/newsletter\/","url":"https:\/\/tretter.ch\/newsletter\/","name":"Newsletter - Dr. TRETTER AG","isPartOf":{"@id":"https:\/\/tretter.ch\/#website"},"datePublished":"2026-01-02T14:22:35+00:00","breadcrumb":{"@id":"https:\/\/tretter.ch\/newsletter\/#breadcrumb"},"inLanguage":"fr-FR","potentialAction":[{"@type":"ReadAction","target":["https:\/\/tretter.ch\/newsletter\/"]}]},{"@type":"BreadcrumbList","@id":"https:\/\/tretter.ch\/newsletter\/#breadcrumb","itemListElement":[{"@type":"ListItem","position":1,"name":"Home","item":"https:\/\/tretter.ch\/fr\/"},{"@type":"ListItem","position":2,"name":"Newsletter"}]},{"@type":"WebSite","@id":"https:\/\/tretter.ch\/#website","url":"https:\/\/tretter.ch\/","name":"Dr. TRETTER AG","description":"Ihr Hersteller &amp; Lieferant f\u00fcr Toleranzh\u00fclsen","potentialAction":[{"@type":"SearchAction","target":{"@type":"EntryPoint","urlTemplate":"https:\/\/tretter.ch\/?s={search_term_string}"},"query-input":{"@type":"PropertyValueSpecification","valueRequired":true,"valueName":"search_term_string"}}],"inLanguage":"fr-FR"}]}},"_links":{"self":[{"href":"https:\/\/tretter.ch\/fr\/wp-json\/wp\/v2\/pages\/1912","targetHints":{"allow":["GET"]}}],"collection":[{"href":"https:\/\/tretter.ch\/fr\/wp-json\/wp\/v2\/pages"}],"about":[{"href":"https:\/\/tretter.ch\/fr\/wp-json\/wp\/v2\/types\/page"}],"author":[{"embeddable":true,"href":"https:\/\/tretter.ch\/fr\/wp-json\/wp\/v2\/users\/2"}],"replies":[{"embeddable":true,"href":"https:\/\/tretter.ch\/fr\/wp-json\/wp\/v2\/comments?post=1912"}],"version-history":[{"count":0,"href":"https:\/\/tretter.ch\/fr\/wp-json\/wp\/v2\/pages\/1912\/revisions"}],"wp:attachment":[{"href":"https:\/\/tretter.ch\/fr\/wp-json\/wp\/v2\/media?parent=1912"}],"curies":[{"name":"wp","href":"https:\/\/api.w.org\/{rel}","templated":true}]}}